{"id":1009,"date":"2017-06-08T13:33:58","date_gmt":"2017-06-08T11:33:58","guid":{"rendered":"https:\/\/thexecutives.com\/?page_id=1009"},"modified":"2017-07-11T00:17:14","modified_gmt":"2017-07-10T22:17:14","slug":"dominik-sonnberger","status":"publish","type":"page","link":"https:\/\/thexecutives.com\/de\/dominik-sonnberger\/","title":{"rendered":"Dominik Sonnberger"},"content":{"rendered":"<div class=\"team-member\">\n<div id=\"attachment_730\" style=\"width: 260px\" class=\"wp-caption alignnone\"><img decoding=\"async\" aria-describedby=\"caption-attachment-730\" class=\"wp-image-730 size-medium\" src=\"https:\/\/thexecutives.com\/wp-content\/uploads\/admin-ajax-300x235.jpeg\" alt=\"\" width=\"250\" \/><p id=\"caption-attachment-730\" class=\"wp-caption-text\">Dominik Sonnberger <a href=\"mailto:%20dominik.sonnberger@theXecutives.com\" target=\"_blank\" rel=\"noopener noreferrer\">dominik.sonnberger@theXecutives.com<\/a><\/p><\/div>\n<p class=\"western\"><strong>Dominik Sonnberger, Managing Partner bei TheXecutives<\/strong><\/p>\n<p>Vor seinem Einstieg in den Executive Search Markt im Jahr 2006 verantwortete der geb\u00fcrtige Ober\u00f6sterreicher die Reorganisation und Prozessentwicklung im Rahmen einer \u00dcbernahme durch einen Private Equity Fond in einem mittelst\u00e4ndischen Industrieunternehmen.<\/p>\n<p>Den Schwerpunkt seiner Beratert\u00e4tigkeit legte Dominik Sonnberger in den letzten Jahren auf Management Appraisals, Assessments und Modelle zur Nachfolgeplanung im privatwirtschaftlichen sowie \u00d6ffentlichen Bereich. Mit seiner Expertise im Executive Search begleitet er dar\u00fcber hinaus b\u00f6rsennotierte, aber auch mittelst\u00e4ndische nationale und internationale Unternehmen aus den Branchen Industrie, Finanzen und Handel in \u00d6sterreich und CEE. Sein Fokus liegt hier auf der produzierenden Industrie, Schieneninfrastruktur und Transportunternehmen, Handelsketten sowie Banken.<\/p>\n<p>Dominik Sonnberger weist ein abgeschlossenes Studium der Wirtschaftswissenschaften vor. Nebenberuflich war er mehrere Jahre als Lektor im universit\u00e4ren Bereich sowie in der Erwachsenenbildung t\u00e4tig.<\/p>\n<\/div>\n","protected":false},"excerpt":{"rendered":"<p>Dominik Sonnberger, Managing Partner bei TheXecutives Vor seinem Einstieg in den Executive Search Markt im Jahr 2006 verantwortete der geb\u00fcrtige Ober\u00f6sterreicher die Reorganisation und Prozessentwicklung im Rahmen einer \u00dcbernahme durch einen Private&#46;&#46;&#46;<\/p>\n","protected":false},"author":7,"featured_media":0,"parent":0,"menu_order":0,"comment_status":"closed","ping_status":"closed","template":"template-menu.php","meta":{"footnotes":""},"class_list":["post-1009","page","type-page","status-publish","hentry"],"_links":{"self":[{"href":"https:\/\/thexecutives.com\/de\/wp-json\/wp\/v2\/pages\/1009","targetHints":{"allow":["GET"]}}],"collection":[{"href":"https:\/\/thexecutives.com\/de\/wp-json\/wp\/v2\/pages"}],"about":[{"href":"https:\/\/thexecutives.com\/de\/wp-json\/wp\/v2\/types\/page"}],"author":[{"embeddable":true,"href":"https:\/\/thexecutives.com\/de\/wp-json\/wp\/v2\/users\/7"}],"replies":[{"embeddable":true,"href":"https:\/\/thexecutives.com\/de\/wp-json\/wp\/v2\/comments?post=1009"}],"version-history":[{"count":0,"href":"https:\/\/thexecutives.com\/de\/wp-json\/wp\/v2\/pages\/1009\/revisions"}],"wp:attachment":[{"href":"https:\/\/thexecutives.com\/de\/wp-json\/wp\/v2\/media?parent=1009"}],"curies":[{"name":"wp","href":"https:\/\/api.w.org\/{rel}","templated":true}]}}