{"id":1012,"date":"2017-06-08T13:35:05","date_gmt":"2017-06-08T11:35:05","guid":{"rendered":"https:\/\/thexecutives.com\/?page_id=1012"},"modified":"2017-07-11T00:16:55","modified_gmt":"2017-07-10T22:16:55","slug":"veronika-kelsey","status":"publish","type":"page","link":"https:\/\/thexecutives.com\/de\/veronika-kelsey\/","title":{"rendered":"Veronika Kelsey"},"content":{"rendered":"<div class=\"team-member\">\n<div id=\"attachment_834\" style=\"width: 260px\" class=\"wp-caption alignnone\"><img loading=\"lazy\" decoding=\"async\" aria-describedby=\"caption-attachment-834\" class=\"wp-image-834\" src=\"https:\/\/thexecutives.com\/wp-content\/uploads\/Veronika-Kelsey-225x300.jpeg\" alt=\"\" width=\"250\" height=\"333\" srcset=\"https:\/\/thexecutives.com\/wp-content\/uploads\/Veronika-Kelsey-225x300.jpeg 225w, https:\/\/thexecutives.com\/wp-content\/uploads\/Veronika-Kelsey.jpeg 256w\" sizes=\"auto, (max-width: 250px) 100vw, 250px\" \/><p id=\"caption-attachment-834\" class=\"wp-caption-text\">Veronika Kelsey <a href=\"mailto:%20veronika.kelsey@theXecutives.com\" target=\"_blank\" rel=\"noopener noreferrer\">veronika.kelsey@theXecutives.com<\/a><\/p><\/div>\n<p class=\"western\"><strong>Veronika Kelsey, Partner bei TheXecutives<\/strong><\/p>\n<p class=\"western\">Die geb\u00fcrtige \u00d6sterreicherin begann ihre Executive Search Laufbahn im Jahr 2000 in London, wo sie das Gesch\u00e4ft bei namhaften internationalen Beratungsh\u00e4usern lernte. 2005 kehrte sie nach \u00d6sterreich zur\u00fcck, erweiterte ihre Kompetenzen in den deutschsprachigen sowie CEE\/SEE M\u00e4rkten und war unter anderem innerhalb der Neumann Gruppe t\u00e4tig.<\/p>\n<p>2014 fungierte sie als Gr\u00fcndungsmitglied der Lab &amp; Company Austria GmbH. Seit 2017 firmiert das Unternehmen unter TheXecutives mit geographischem Fokus auf \u00d6sterreich, CEE\/SEE und Russland.<\/p>\n<p>In den letzten Jahren hat sie ihre Branchenschwerpunkte auf den Retail &amp; FMCG Sektor gelegt und ber\u00e4t auch Kunden im Technologie- und Telekommunikationssektor. Sie ist zudem in den Bereichen Transaction &amp; Payment Services sowie im Retail Technology Segment aktiv. Zus\u00e4tzlich zum nationalen und internationalen Executive Search verantwortet Frau Kelsey f\u00fcr ihre Kunden auch internationale Marktstudien und Talent Identification Programme.<\/p>\n<p>Veronika Kelsey schloss ihr Studium in European Studies &amp; Modern Languages an der University of Bath ab und spricht Deutsch, Englisch und Franz\u00f6sisch.<\/p>\n<\/div>\n","protected":false},"excerpt":{"rendered":"<p>Veronika Kelsey, Partner bei TheXecutives Die geb\u00fcrtige \u00d6sterreicherin begann ihre Executive Search Laufbahn im Jahr 2000 in London, wo sie das Gesch\u00e4ft bei namhaften internationalen Beratungsh\u00e4usern lernte. 2005 kehrte sie nach \u00d6sterreich&#46;&#46;&#46;<\/p>\n","protected":false},"author":7,"featured_media":0,"parent":0,"menu_order":0,"comment_status":"closed","ping_status":"closed","template":"template-menu.php","meta":{"footnotes":""},"class_list":["post-1012","page","type-page","status-publish","hentry"],"_links":{"self":[{"href":"https:\/\/thexecutives.com\/de\/wp-json\/wp\/v2\/pages\/1012","targetHints":{"allow":["GET"]}}],"collection":[{"href":"https:\/\/thexecutives.com\/de\/wp-json\/wp\/v2\/pages"}],"about":[{"href":"https:\/\/thexecutives.com\/de\/wp-json\/wp\/v2\/types\/page"}],"author":[{"embeddable":true,"href":"https:\/\/thexecutives.com\/de\/wp-json\/wp\/v2\/users\/7"}],"replies":[{"embeddable":true,"href":"https:\/\/thexecutives.com\/de\/wp-json\/wp\/v2\/comments?post=1012"}],"version-history":[{"count":0,"href":"https:\/\/thexecutives.com\/de\/wp-json\/wp\/v2\/pages\/1012\/revisions"}],"wp:attachment":[{"href":"https:\/\/thexecutives.com\/de\/wp-json\/wp\/v2\/media?parent=1012"}],"curies":[{"name":"wp","href":"https:\/\/api.w.org\/{rel}","templated":true}]}}