{"id":1018,"date":"2017-06-08T13:37:41","date_gmt":"2017-06-08T11:37:41","guid":{"rendered":"https:\/\/thexecutives.com\/?page_id=1018"},"modified":"2017-07-11T02:11:22","modified_gmt":"2017-07-11T00:11:22","slug":"maria-petrova","status":"publish","type":"page","link":"https:\/\/thexecutives.com\/de\/maria-petrova\/","title":{"rendered":"Maria Petrova"},"content":{"rendered":"<div class=\"team-member\">\n<div id=\"attachment_261\" style=\"width: 235px\" class=\"wp-caption alignnone\"><a href=\"\/wp-content\/uploads\/Maria-Petrova-C.jpeg\"><img loading=\"lazy\" decoding=\"async\" aria-describedby=\"caption-attachment-261\" class=\"wp-image-261 size-medium\" src=\"\/wp-content\/uploads\/Maria-Petrova-C-225x300.jpeg\" alt=\"Maria Petrova\" width=\"225\" height=\"300\" srcset=\"https:\/\/thexecutives.com\/wp-content\/uploads\/Maria-Petrova-C-225x300.jpeg 225w, https:\/\/thexecutives.com\/wp-content\/uploads\/Maria-Petrova-C.jpeg 256w\" sizes=\"auto, (max-width: 225px) 100vw, 225px\" \/><\/a><p id=\"caption-attachment-261\" class=\"wp-caption-text\">Maria Petrova <a href=\"mailto:%20maria.petrova@theXecutives.com\" target=\"_blank\" rel=\"noopener noreferrer\">maria.petrova@theXecutives.com<\/a><\/p><\/div>\n<p class=\"western\"><strong>Maria Petrova, Research Consultant bei TheXecutives<\/strong><\/p>\n<p>Maria arbeitet als Research Consultant bei TheXecutives in Moskau. Maria wurde 1984 in Russland geboren. Im Alter von 21 Jahren \u00fcbersiedelte sie nach London wo sie etwa sechs Jahre verbrachte, bevor sie nach Russland, Moskau zur\u00fcckkehrte. Maria arbeitete in verschiedenen Positionen im Mode-Einzelhandel und in der Finanzbranche und stieg schlie\u00dflich 2013 beim Moskauer Team von TheXecutives ein. Nachdem sie als Teamassistentin angefangen hatte, stieg Maria aufgrund ihres Werdegangs im Bereich Human Resources und ihres \u00fcberaus gro\u00dfen Interesses an diesem Berufsfeld bald zum Research Consultant auf.<\/p>\n<p>Maria arbeitet mit verschiedenen Branchen und Job-Positionen zusammen und konzentriert sich vor allem auf den Consumer-Bereich, der neben schnelldrehenden Konsumg\u00fctern auch professionelle Dienstleistungen und IT-L\u00f6sungen umfasst.<\/p>\n<p>Maria spricht Russisch, Englisch und Deutsch und lernt nebenbei auch Spanisch. In ihrer Freizeit reist sie leidenschaftlich gern, lernt neue Kulturen kennen, betreibt Sport und Kunsthandwerk und liest B\u00fccher.<\/p>\n<\/div>\n","protected":false},"excerpt":{"rendered":"<p>Maria Petrova, Research Consultant bei TheXecutives Maria arbeitet als Research Consultant bei TheXecutives in Moskau. Maria wurde 1984 in Russland geboren. Im Alter von 21 Jahren \u00fcbersiedelte sie nach London wo sie&#46;&#46;&#46;<\/p>\n","protected":false},"author":7,"featured_media":0,"parent":0,"menu_order":0,"comment_status":"closed","ping_status":"closed","template":"template-menu.php","meta":{"footnotes":""},"class_list":["post-1018","page","type-page","status-publish","hentry"],"_links":{"self":[{"href":"https:\/\/thexecutives.com\/de\/wp-json\/wp\/v2\/pages\/1018","targetHints":{"allow":["GET"]}}],"collection":[{"href":"https:\/\/thexecutives.com\/de\/wp-json\/wp\/v2\/pages"}],"about":[{"href":"https:\/\/thexecutives.com\/de\/wp-json\/wp\/v2\/types\/page"}],"author":[{"embeddable":true,"href":"https:\/\/thexecutives.com\/de\/wp-json\/wp\/v2\/users\/7"}],"replies":[{"embeddable":true,"href":"https:\/\/thexecutives.com\/de\/wp-json\/wp\/v2\/comments?post=1018"}],"version-history":[{"count":0,"href":"https:\/\/thexecutives.com\/de\/wp-json\/wp\/v2\/pages\/1018\/revisions"}],"wp:attachment":[{"href":"https:\/\/thexecutives.com\/de\/wp-json\/wp\/v2\/media?parent=1018"}],"curies":[{"name":"wp","href":"https:\/\/api.w.org\/{rel}","templated":true}]}}