{"id":1021,"date":"2017-06-08T13:38:29","date_gmt":"2017-06-08T11:38:29","guid":{"rendered":"https:\/\/thexecutives.com\/?page_id=1021"},"modified":"2017-07-11T02:09:44","modified_gmt":"2017-07-11T00:09:44","slug":"mikhail-torchinskiy","status":"publish","type":"page","link":"https:\/\/thexecutives.com\/de\/mikhail-torchinskiy\/","title":{"rendered":"Mikhail Torchinskiy"},"content":{"rendered":"<div class=\"team-member\">\n<div id=\"attachment_285\" style=\"width: 260px\" class=\"wp-caption alignnone\"><a href=\"\/wp-content\/uploads\/Mikhail-Torchinskiy.jpeg\"><img loading=\"lazy\" decoding=\"async\" aria-describedby=\"caption-attachment-285\" class=\"wp-image-285\" src=\"\/wp-content\/uploads\/Mikhail-Torchinskiy-209x300.jpeg\" alt=\"Mikhail Torchinskiy\" width=\"250\" height=\"359\" srcset=\"https:\/\/thexecutives.com\/wp-content\/uploads\/Mikhail-Torchinskiy-209x300.jpeg 209w, https:\/\/thexecutives.com\/wp-content\/uploads\/Mikhail-Torchinskiy.jpeg 223w\" sizes=\"auto, (max-width: 250px) 100vw, 250px\" \/><\/a><p id=\"caption-attachment-285\" class=\"wp-caption-text\">Mikhail Torchinskiy <a href=\"mailto:%20mikhail.torchinskiy@theXecutives.com\" target=\"_blank\" rel=\"noopener noreferrer\">mikhail.torchinskiy@theXecutives.com<\/a><\/p><\/div>\n<p class=\"western\"><strong>Mikhail Torchinsky, Recruitment Projects Coordinator bei TheXecutives<\/strong><\/p>\n<p>Mikhail ist bei TheXecutives f\u00fcr die Koordination der Recruiting-Projekte zust\u00e4ndig. Er wurde 1979 in Podolsk, Russland, geboren.<\/p>\n<p>Mikhail studierte Geschichte an der P\u00e4dagogischen Universit\u00e4t in Moskau und lebt bis heute mit seiner Frau und seinen zwei Kindern dort. Kurz nach seinem Abschluss im Jahr 2001 begann Mihkail seine Karriere im Recruiting-Gesch\u00e4ft. Nach seinem Aufstieg vom Recruitment Consultant zum Gesch\u00e4ftsf\u00fchrer der russischen Rekrutierungsfirma \u201e3R\u201c fungierte er 2005 als Mitgr\u00fcnder von MarksMan, einem Unternehmen im Bereich der F\u00fchrungskr\u00e4fte-Suche.<\/p>\n<p>Heute spielt MarksMan am russischen Markt f\u00fcr Recruiting-Dienstleistungen eine bemerkenswerte Rolle und hat hunderte von komplexen Projekten erfolgreich umgesetzt. Zu den Kunden von MarksMan z\u00e4hlen gro\u00dfe, internationale Fortune 500-Unternehmen, genauso wie die gr\u00f6\u00dften und erfolgreichsten Unternehmen Russlands. Im Laufe der folgenden neun Jahre arbeitete Mikhail als Managing Partner und war f\u00fcr die Entwicklung der Kundenbeziehungen, die Recruiting-Projekte des Unternehmens, Marketing und Personalentwicklung verantwortlich.<\/p>\n<p>2014 trat Mikhail TheXecutives bei, mit dem Hauptziel, f\u00fcr die wichtigsten Partner des Unternehmens gro\u00dfe, komplexe Projekte im Bereich des Recruitings und der Anwerbung von Talenten zu entwickeln. Mikhail spricht flie\u00dfend Russisch und Englisch. Er hat eine gro\u00dfe Leidenschaft f\u00fcr Musik, B\u00fccher, Road Trips und Reisen.<\/p>\n<\/div>\n","protected":false},"excerpt":{"rendered":"<p>Mikhail Torchinsky, Recruitment Projects Coordinator bei TheXecutives Mikhail ist bei TheXecutives f\u00fcr die Koordination der Recruiting-Projekte zust\u00e4ndig. Er wurde 1979 in Podolsk, Russland, geboren. Mikhail studierte Geschichte an der P\u00e4dagogischen Universit\u00e4t in&#46;&#46;&#46;<\/p>\n","protected":false},"author":7,"featured_media":0,"parent":0,"menu_order":0,"comment_status":"closed","ping_status":"closed","template":"template-menu.php","meta":{"footnotes":""},"class_list":["post-1021","page","type-page","status-publish","hentry"],"_links":{"self":[{"href":"https:\/\/thexecutives.com\/de\/wp-json\/wp\/v2\/pages\/1021","targetHints":{"allow":["GET"]}}],"collection":[{"href":"https:\/\/thexecutives.com\/de\/wp-json\/wp\/v2\/pages"}],"about":[{"href":"https:\/\/thexecutives.com\/de\/wp-json\/wp\/v2\/types\/page"}],"author":[{"embeddable":true,"href":"https:\/\/thexecutives.com\/de\/wp-json\/wp\/v2\/users\/7"}],"replies":[{"embeddable":true,"href":"https:\/\/thexecutives.com\/de\/wp-json\/wp\/v2\/comments?post=1021"}],"version-history":[{"count":0,"href":"https:\/\/thexecutives.com\/de\/wp-json\/wp\/v2\/pages\/1021\/revisions"}],"wp:attachment":[{"href":"https:\/\/thexecutives.com\/de\/wp-json\/wp\/v2\/media?parent=1021"}],"curies":[{"name":"wp","href":"https:\/\/api.w.org\/{rel}","templated":true}]}}