{"id":1023,"date":"2017-06-08T13:40:40","date_gmt":"2017-06-08T11:40:40","guid":{"rendered":"https:\/\/thexecutives.com\/?page_id=1023"},"modified":"2017-07-11T01:33:41","modified_gmt":"2017-07-10T23:33:41","slug":"mikhail-sukhanov","status":"publish","type":"page","link":"https:\/\/thexecutives.com\/de\/mikhail-sukhanov\/","title":{"rendered":"Mikhail Sukhanov"},"content":{"rendered":"<div class=\"team-member\">\n<div id=\"attachment_405\" style=\"width: 235px\" class=\"wp-caption alignnone\"><a href=\"\/wp-content\/uploads\/Mikhail-Sukhanov_1.png\"><img loading=\"lazy\" decoding=\"async\" aria-describedby=\"caption-attachment-405\" class=\"wp-image-405 size-medium\" src=\"\/wp-content\/uploads\/Mikhail-Sukhanov_1-225x300.png\" alt=\"Mikhail Sukhanov\" width=\"225\" height=\"300\" srcset=\"https:\/\/thexecutives.com\/wp-content\/uploads\/Mikhail-Sukhanov_1-225x300.png 225w, https:\/\/thexecutives.com\/wp-content\/uploads\/Mikhail-Sukhanov_1.png 256w\" sizes=\"auto, (max-width: 225px) 100vw, 225px\" \/><\/a><p id=\"caption-attachment-405\" class=\"wp-caption-text\">Mikhail Sukhanov <a href=\"mailto:%20mikhail.sukhanov@theXecutives.com\" target=\"_blank\" rel=\"noopener noreferrer\">mikhail.sukhanov@theXecutives.com<\/a><\/p><\/div>\n<p class=\"western\"><strong>Mikhail Sukhanov, Tranport &#038; Logistik bei TheXecutives<\/strong><\/p>\n<p>Mikhail ist unser Fahrer und Kurier im Moskauer B\u00fcro von TheXecutives. Er wurde 1960 in Moskau geboren und kennt die Stadt wie seine Westentasche. Egal ob es um eine komplexe Agenda f\u00fcr ein Meeting oder die Einsch\u00e4tzung des Zeitbedarfs und der Fahrtroute geht \u2013 Mikhail ist der Beste und nie zu sp\u00e4t!<\/p>\n<p>Mikhail lernte Maschinenbau und arbeitete sp\u00e4ter als Fahrer f\u00fcr die UdSSR-Armee in Sibirien. Er lebt heute mit seiner Frau und seinen zwei T\u00f6chtern in Moskau. Mikhail sammelte Berufserfahrung bei der Arbeit mit Au\u00dfenministerien und Expats, beim Sender BBC in Russland und bei internationalen Filmfestivals. Er arbeitete bei einem internationalen Logistikunternehmen und im Geldwechsel-Gesch\u00e4ft, wo er f\u00fcr den Bereich Logistik des Top-Managements zust\u00e4ndig war, bis er schlie\u00dflich vor mehr als sieben Jahren zum Moskauer Team von TheXecutives stie\u00df.<\/p>\n<p>Seine Kernaufgabe ist die Unterst\u00fctzung von Transport und Logistik des Moskauer B\u00fcros. Neben seinem Beruf liebt Mikhail die Natur und die Zeit mit seiner wachsenden Familie.<\/p>\n<\/div>\n","protected":false},"excerpt":{"rendered":"<p>Mikhail Sukhanov, Tranport &#038; Logistik bei TheXecutives Mikhail ist unser Fahrer und Kurier im Moskauer B\u00fcro von TheXecutives. Er wurde 1960 in Moskau geboren und kennt die Stadt wie seine Westentasche. Egal&#46;&#46;&#46;<\/p>\n","protected":false},"author":7,"featured_media":0,"parent":0,"menu_order":0,"comment_status":"closed","ping_status":"closed","template":"template-menu.php","meta":{"footnotes":""},"class_list":["post-1023","page","type-page","status-publish","hentry"],"_links":{"self":[{"href":"https:\/\/thexecutives.com\/de\/wp-json\/wp\/v2\/pages\/1023","targetHints":{"allow":["GET"]}}],"collection":[{"href":"https:\/\/thexecutives.com\/de\/wp-json\/wp\/v2\/pages"}],"about":[{"href":"https:\/\/thexecutives.com\/de\/wp-json\/wp\/v2\/types\/page"}],"author":[{"embeddable":true,"href":"https:\/\/thexecutives.com\/de\/wp-json\/wp\/v2\/users\/7"}],"replies":[{"embeddable":true,"href":"https:\/\/thexecutives.com\/de\/wp-json\/wp\/v2\/comments?post=1023"}],"version-history":[{"count":0,"href":"https:\/\/thexecutives.com\/de\/wp-json\/wp\/v2\/pages\/1023\/revisions"}],"wp:attachment":[{"href":"https:\/\/thexecutives.com\/de\/wp-json\/wp\/v2\/media?parent=1023"}],"curies":[{"name":"wp","href":"https:\/\/api.w.org\/{rel}","templated":true}]}}