{"id":1147,"date":"2017-06-20T10:46:38","date_gmt":"2017-06-20T08:46:38","guid":{"rendered":"https:\/\/thexecutives.com\/?page_id=1147"},"modified":"2017-07-11T00:17:27","modified_gmt":"2017-07-10T22:17:27","slug":"mladen-kasagic","status":"publish","type":"page","link":"https:\/\/thexecutives.com\/de\/mladen-kasagic\/","title":{"rendered":"Mladen Kasagic"},"content":{"rendered":"<div class=\"team-member\">\n<div id=\"attachment_263\" style=\"width: 260px\" class=\"wp-caption alignnone\"><a href=\"\/wp-content\/uploads\/Mladen-Kasagic-P.jpeg\"><img loading=\"lazy\" decoding=\"async\" aria-describedby=\"caption-attachment-263\" class=\"wp-image-263\" src=\"\/wp-content\/uploads\/Mladen-Kasagic-P-225x300.jpeg\" alt=\"\" width=\"250\" height=\"333\" srcset=\"https:\/\/thexecutives.com\/wp-content\/uploads\/Mladen-Kasagic-P-225x300.jpeg 225w, https:\/\/thexecutives.com\/wp-content\/uploads\/Mladen-Kasagic-P.jpeg 256w\" sizes=\"auto, (max-width: 250px) 100vw, 250px\" \/><\/a><p id=\"caption-attachment-263\" class=\"wp-caption-text\">Mladen Kasagic <a href=\"mailto:%20mladen.kasagic@theXecutives.com\" target=\"_blank\" rel=\"noopener noreferrer\">mladen.kasagic@theXecutives.com<\/a><\/p><\/div>\n<p class=\"western\"><strong>Mladen Kasagic, Managing Partner bei TheXecutives<\/strong><\/p>\n<p class=\"western\">Mladen ist Gr\u00fcnder von TheXecutives. Er wurde in Kroatien geboren, ist in Bosnien aufgewachsen und wohnt gemeinsam mit seiner Frau und drei Kindern in Wien. Nach zehnj\u00e4hriger Berufserfahrung in verschiedenen Bereichen wie Konsumg\u00fcter-, Handels- und Investmentgesellschaften trat Mladen in der zweiten H\u00e4lfte der 90er Jahre in die Wiener Neumann Executive Search- und HR-Consulting-Gruppe ein.<\/p>\n<p class=\"western\">Mehr als 15 Jahre besetzte er dort verschiedene Rollen &#8211; von Research Consultant bis hin zu Senior Partner. Als Mitglied des Vorstands der Gruppe war er f\u00fcr die Entwicklungs- und Schwellenl\u00e4nder Europas verantwortlich.<\/p>\n<p class=\"western\">Mladen\u00b4s Kernkompetenz ist das Kundenbeziehungsmanagement im Bereich der Konsumg\u00fcter-, Einzelhandels- und Fertigungsbranche und umfasst F\u00fchrungskr\u00e4ftesuchen, Talentmanagement und Leadership Beratungsprojekte.<\/p>\n<p>&nbsp;<\/p>\n<\/div>\n","protected":false},"excerpt":{"rendered":"<p>Mladen Kasagic, Managing Partner bei TheXecutives Mladen ist Gr\u00fcnder von TheXecutives. Er wurde in Kroatien geboren, ist in Bosnien aufgewachsen und wohnt gemeinsam mit seiner Frau und drei Kindern in Wien. Nach&#46;&#46;&#46;<\/p>\n","protected":false},"author":7,"featured_media":0,"parent":0,"menu_order":0,"comment_status":"closed","ping_status":"closed","template":"template-menu.php","meta":{"footnotes":""},"class_list":["post-1147","page","type-page","status-publish","hentry"],"_links":{"self":[{"href":"https:\/\/thexecutives.com\/de\/wp-json\/wp\/v2\/pages\/1147","targetHints":{"allow":["GET"]}}],"collection":[{"href":"https:\/\/thexecutives.com\/de\/wp-json\/wp\/v2\/pages"}],"about":[{"href":"https:\/\/thexecutives.com\/de\/wp-json\/wp\/v2\/types\/page"}],"author":[{"embeddable":true,"href":"https:\/\/thexecutives.com\/de\/wp-json\/wp\/v2\/users\/7"}],"replies":[{"embeddable":true,"href":"https:\/\/thexecutives.com\/de\/wp-json\/wp\/v2\/comments?post=1147"}],"version-history":[{"count":0,"href":"https:\/\/thexecutives.com\/de\/wp-json\/wp\/v2\/pages\/1147\/revisions"}],"wp:attachment":[{"href":"https:\/\/thexecutives.com\/de\/wp-json\/wp\/v2\/media?parent=1147"}],"curies":[{"name":"wp","href":"https:\/\/api.w.org\/{rel}","templated":true}]}}