{"id":1155,"date":"2017-06-20T11:05:41","date_gmt":"2017-06-20T09:05:41","guid":{"rendered":"https:\/\/thexecutives.com\/?page_id=1155"},"modified":"2017-07-11T10:34:39","modified_gmt":"2017-07-11T08:34:39","slug":"alexandra-melentyeva","status":"publish","type":"page","link":"https:\/\/thexecutives.com\/de\/alexandra-melentyeva\/","title":{"rendered":"Alexandra Melentyeva"},"content":{"rendered":"<div class=\"team-member\">\n<div id=\"attachment_1207\" style=\"width: 260px\" class=\"wp-caption alignleft\"><a href=\"https:\/\/thexecutives.com\/wp-content\/uploads\/unnamed-1.jpg\"><img loading=\"lazy\" decoding=\"async\" aria-describedby=\"caption-attachment-1207\" class=\"wp-image-1207\" title=\"Alexandra Melentyeva\" src=\"https:\/\/thexecutives.com\/wp-content\/uploads\/unnamed-1.jpg\" alt=\"Alexandra Melentyeva\" width=\"250\" height=\"283\" \/><\/a><p id=\"caption-attachment-1207\" class=\"wp-caption-text\">Alexandra Melentyeva <a href=\"mailto:%20alexandra.melentyeva@theXecutives.com\" target=\"_blank\" rel=\"noopener noreferrer\">alexandra.melentyeva@theXecutives.com<\/a><\/p><\/div>\n<p class=\"western\"><strong>Alexandra Melentyeva, Executive Assistant bei TheXecutives<\/strong><\/p>\n<p>Alexandra ist Executive Assistant im Moskauer B\u00fcro. Sie ist die j\u00fcngste Mitarbeiterin der Firma und trat 2016 TheXecutives bei.<\/p>\n<p>Alexandra studierte an der P\u00e4dagogischen Hochschule, an der sie gute organisatorische F\u00e4higkeiten erlernte, zudem spricht sie flie\u00dfend Englisch und Franz\u00f6sisch.<\/p>\n<p>Sie begann ihre berufliche Karriere im administrativen Bereich und setzt dies bei TheXecutives fort. Als Teil des TheXecutives-Teams ist es ihr gr\u00f6\u00dftes Ziel dem Unternehmen, seinen Mitarbeitern und Klienten eine einwandfreie Abwicklung zu gew\u00e4hrleisten.<\/p>\n<\/div>\n<p>&nbsp;<\/p>\n<p>&nbsp;<\/p>\n<p>&nbsp;<\/p>\n","protected":false},"excerpt":{"rendered":"<p>Alexandra Melentyeva, Executive Assistant bei TheXecutives Alexandra ist Executive Assistant im Moskauer B\u00fcro. Sie ist die j\u00fcngste Mitarbeiterin der Firma und trat 2016 TheXecutives bei. Alexandra studierte an der P\u00e4dagogischen Hochschule, an&#46;&#46;&#46;<\/p>\n","protected":false},"author":7,"featured_media":0,"parent":0,"menu_order":0,"comment_status":"closed","ping_status":"closed","template":"template-menu.php","meta":{"footnotes":""},"class_list":["post-1155","page","type-page","status-publish","hentry"],"_links":{"self":[{"href":"https:\/\/thexecutives.com\/de\/wp-json\/wp\/v2\/pages\/1155","targetHints":{"allow":["GET"]}}],"collection":[{"href":"https:\/\/thexecutives.com\/de\/wp-json\/wp\/v2\/pages"}],"about":[{"href":"https:\/\/thexecutives.com\/de\/wp-json\/wp\/v2\/types\/page"}],"author":[{"embeddable":true,"href":"https:\/\/thexecutives.com\/de\/wp-json\/wp\/v2\/users\/7"}],"replies":[{"embeddable":true,"href":"https:\/\/thexecutives.com\/de\/wp-json\/wp\/v2\/comments?post=1155"}],"version-history":[{"count":0,"href":"https:\/\/thexecutives.com\/de\/wp-json\/wp\/v2\/pages\/1155\/revisions"}],"wp:attachment":[{"href":"https:\/\/thexecutives.com\/de\/wp-json\/wp\/v2\/media?parent=1155"}],"curies":[{"name":"wp","href":"https:\/\/api.w.org\/{rel}","templated":true}]}}