{"id":1168,"date":"2017-06-20T11:15:21","date_gmt":"2017-06-20T09:15:21","guid":{"rendered":"https:\/\/thexecutives.com\/?page_id=1168"},"modified":"2017-07-11T00:19:42","modified_gmt":"2017-07-10T22:19:42","slug":"polina-cherkashina","status":"publish","type":"page","link":"https:\/\/thexecutives.com\/de\/polina-cherkashina\/","title":{"rendered":"Polina Cherkashina"},"content":{"rendered":"<div class=\"team-member\">\n<div id=\"attachment_1207\" style=\"width: 260px\" class=\"wp-caption alignleft\"><a href=\"https:\/\/thexecutives.com\/wp-content\/uploads\/unnamed.jpg\"><img loading=\"lazy\" decoding=\"async\" aria-describedby=\"caption-attachment-1207\" class=\"wp-image-1207\" title=\"Polina Cherkashina\" src=\"https:\/\/thexecutives.com\/wp-content\/uploads\/unnamed.jpg\" alt=\"Polina Cherkashina\" width=\"250\" height=\"283\" \/><\/a><p id=\"caption-attachment-1207\" class=\"wp-caption-text\">Polina Cherkashina <a href=\"mailto:%20polina.cherkashina@theXecutives.com\" target=\"_blank\" rel=\"noopener noreferrer\">polina.cherkashina@theXecutives.com<\/a><\/p><\/div>\n<p class=\"western\"><strong>Polina Cherkashina, Senior Research Consultant bei TheXecutives<\/strong><\/p>\n<p>Polina ist seit 2012 im Team von TheXecutives und verf\u00fcgt \u00fcber mehr als 8 Jahre Erfahrung im Executive Search. Sie absolvierte die Moskauer Linguistische Universit\u00e4t mit Auszeichnung und spricht flie\u00dfend Englisch und Spanisch.<\/p>\n<p>Abgesehen davon studierte Polina Marketing an der Moskauer International Business School und erhielt einen PHRi\u00ae (Professional Human Resources International) Abschluss des HR Certification Institute USA. Polina arbeitet als Senior Research Consultant in verschiedenen Branchen von FMCG &amp; Retail bis hin zu IT &amp; Heavy Industry, sowohl in Russland, als auch im Ausland. Zus\u00e4tzlich betreut sie auch Sales Operations Suchprojekte f\u00fcr wichtige Einzelhandelskunden.<\/p>\n<p>Sie arbeitet leidenschaftlich gerne f\u00fcr TheXecutives und teilt Steve Jobs\u00b4 Gedanken \u201cthe only way to do great work is to love what you do\u201d.<\/p>\n<\/div>\n","protected":false},"excerpt":{"rendered":"<p>Polina Cherkashina, Senior Research Consultant bei TheXecutives Polina ist seit 2012 im Team von TheXecutives und verf\u00fcgt \u00fcber mehr als 8 Jahre Erfahrung im Executive Search. Sie absolvierte die Moskauer Linguistische Universit\u00e4t&#46;&#46;&#46;<\/p>\n","protected":false},"author":7,"featured_media":0,"parent":0,"menu_order":0,"comment_status":"closed","ping_status":"closed","template":"template-menu.php","meta":{"footnotes":""},"class_list":["post-1168","page","type-page","status-publish","hentry"],"_links":{"self":[{"href":"https:\/\/thexecutives.com\/de\/wp-json\/wp\/v2\/pages\/1168","targetHints":{"allow":["GET"]}}],"collection":[{"href":"https:\/\/thexecutives.com\/de\/wp-json\/wp\/v2\/pages"}],"about":[{"href":"https:\/\/thexecutives.com\/de\/wp-json\/wp\/v2\/types\/page"}],"author":[{"embeddable":true,"href":"https:\/\/thexecutives.com\/de\/wp-json\/wp\/v2\/users\/7"}],"replies":[{"embeddable":true,"href":"https:\/\/thexecutives.com\/de\/wp-json\/wp\/v2\/comments?post=1168"}],"version-history":[{"count":0,"href":"https:\/\/thexecutives.com\/de\/wp-json\/wp\/v2\/pages\/1168\/revisions"}],"wp:attachment":[{"href":"https:\/\/thexecutives.com\/de\/wp-json\/wp\/v2\/media?parent=1168"}],"curies":[{"name":"wp","href":"https:\/\/api.w.org\/{rel}","templated":true}]}}