{"id":421,"date":"2014-07-04T15:48:34","date_gmt":"2014-07-04T13:48:34","guid":{"rendered":"http:\/\/thexecutives.azurewebsites.net\/usps-2\/"},"modified":"2017-07-11T15:10:27","modified_gmt":"2017-07-11T13:10:27","slug":"usps","status":"publish","type":"page","link":"https:\/\/thexecutives.com\/de\/usps\/","title":{"rendered":"USPs"},"content":{"rendered":"<p style=\"text-align: justify;\"><span class=\"spantitle\"> Die Grundpfeiler unserer Herangehensweise: \u00a0<\/span><\/p>\n<div id=\"accordion\"><\/p>\n<p><h3>Wir sind die \u201ebridge builders\u201c<\/h3><div><p><\/p>\n<p>Unsere\u00a0[gold]\u00fcberaus erfahrenen[\/gold] Berater, die\u00a0[gold]seit Jahren[\/gold] durchgehend zusammengearbeitet haben, besitzen nicht nur breites [gold]Branchenwissen[\/gold], sondern zus\u00e4tzlich auch ein [gold]umfangreiches grenz\u00fcbergreifendes Verst\u00e4ndnis[\/gold]. Unsere Berater haben sowohl in entwickelten wie aufstrebenden M\u00e4rkten gelebt und gearbeitet und sind Experten auf ihrem T\u00e4tigkeitsgebiet. [gold]TheXecutives[\/gold] kennen die relevanten\u00a0[gold]Branchen[\/gold] und damit\u00a0[gold]verbundenen Herausforderungen[\/gold], \u00a0die durch unterschiedliche Kulturkreise entstehen.<\/p>\n<p><\/p><\/div><br \/>\n<h3>Qualit\u00e4t und Geschwindigkeit<\/h3><div><p><\/p>\n<p>Wir verwenden eine \u00e4u\u00dferst\u00a0[gold]systematische[\/gold] und\u00a0[gold]prozessorientiert[\/gold] Suchmethodik, die [gold]effizient und flexibel[\/gold] auf die Bed\u00fcrfnisse unserer Gesch\u00e4ftspartner eingeht. Die\u00a0[gold]Qualit\u00e4t[\/gold] und die\u00a0[gold]Geschwindigkeit[\/gold]\u00a0des Prozesses sind die beiden wichtigsten Faktoren f\u00fcr unsere Suche.<\/p>\n<p><\/p><\/div><br \/>\n<h3>Unsere Passion f\u00fcr partnerschaftliche Beziehungen<\/h3><div><p><\/p>\n<p>Unsere\u00a0[gold]Unternehmenskultur[\/gold], unsere\u00a0starken und [gold]langfristigen Gesch\u00e4ftsbeziehungen[\/gold] und unser ausgepr\u00e4gter Teamgeist, machen uns\u00a0einzigartig.<\/p>\n<p><\/p><\/div><br \/>\n<\/div>\n","protected":false},"excerpt":{"rendered":"","protected":false},"author":7,"featured_media":0,"parent":0,"menu_order":0,"comment_status":"closed","ping_status":"closed","template":"template-menu.php","meta":{"footnotes":""},"class_list":["post-421","page","type-page","status-publish","hentry"],"_links":{"self":[{"href":"https:\/\/thexecutives.com\/de\/wp-json\/wp\/v2\/pages\/421","targetHints":{"allow":["GET"]}}],"collection":[{"href":"https:\/\/thexecutives.com\/de\/wp-json\/wp\/v2\/pages"}],"about":[{"href":"https:\/\/thexecutives.com\/de\/wp-json\/wp\/v2\/types\/page"}],"author":[{"embeddable":true,"href":"https:\/\/thexecutives.com\/de\/wp-json\/wp\/v2\/users\/7"}],"replies":[{"embeddable":true,"href":"https:\/\/thexecutives.com\/de\/wp-json\/wp\/v2\/comments?post=421"}],"version-history":[{"count":0,"href":"https:\/\/thexecutives.com\/de\/wp-json\/wp\/v2\/pages\/421\/revisions"}],"wp:attachment":[{"href":"https:\/\/thexecutives.com\/de\/wp-json\/wp\/v2\/media?parent=421"}],"curies":[{"name":"wp","href":"https:\/\/api.w.org\/{rel}","templated":true}]}}