{"id":422,"date":"2014-07-04T15:47:58","date_gmt":"2014-07-04T13:47:58","guid":{"rendered":"http:\/\/thexecutives.azurewebsites.net\/what-we-do-2\/"},"modified":"2017-04-27T13:37:45","modified_gmt":"2017-04-27T11:37:45","slug":"was-wir-machen","status":"publish","type":"page","link":"https:\/\/thexecutives.com\/de\/was-wir-machen\/","title":{"rendered":"WAS WIR MACHEN"},"content":{"rendered":"<p>TheXecutives stehen f\u00fcr Spitzenleistung, Qualit\u00e4t und Geschwindigkeit in Executive Search, Talent Identification und HR Consulting. Wir b\u00fcndeln unsere F\u00e4higkeiten, um die F\u00fchrungskr\u00e4fte von Heute und die Talente von Morgen zu identifizieren, zu begeistern und zu beurteilen und beraten Sie dabei Ihre Unternehmensstrategie mit den Werten Ihrer Mitarbeiter in Einklang zu bringen.<\/p>\n<\/ul>\n<div id=\"accordion\"><br \/>\n<h3>Executive Search<\/h3><div><p><\/p>\n<p>Sie planen Ihr F\u00fchrungsteam zu verst\u00e4rken?<\/p>\n<p>Wir platzieren den richtigen Kandidaten f\u00fcr Ihre Organisation. Wir screenen den Markt, identifizieren, begeistern und beurteilen Leistungstr\u00e4ger auf Basis Ihrer individuellen Positionsanforderungen. Unsere Suchmethodik st\u00fctzt sich auf einen systematischen, strukturierten, transparenten und effizienten Research Prozess.<\/p>\n<p>Wir beraten Sie hinsichtlich funktioneller Qualifikationen, pers\u00f6nlicher Werteger\u00fcste und kultureller Passgenauigkeit und unterst\u00fctzen Sie auch w\u00e4hrend der Vertragsverhandlungen. Wir liefern Passgenauigkeit und stehen f\u00fcr Qualit\u00e4t, Flexibilit\u00e4t, Geschwindigkeit und Performance.<\/p>\n<p><\/p><\/div><br \/>\n<h3>Talent Identification<\/h3><div><p><\/p>\n<p>Sie sind auf der Suche nach Nachwuchsf\u00fchrungskr\u00e4ften, High Potentials mit den richtigen Eignungen und Einstellungen f\u00fcr eine Management Karriere in Ihrer Organisation?<\/p>\n<p>Wir bauen proaktiv, in Ihrem Namen, einen externen Talente Pool auf, den wir laufend aktualisieren. So sind wir in der Lage rasch und auf Abruf zu handeln sobald Vakanzen spruchreif werden.<\/p>\n<p>Wir haben Zugang zu den richtigen Netzwerken, Vereinigungen und Social Media Plattformen und sind erfahren in der qualifizierten Beurteilung von Potentialen. Wir finden die F\u00fchrungskr\u00e4fte von Morgen mit den richtigen Einstellungen f\u00fcr Ihre Organisation.<\/p>\n<p><\/p><\/div><br \/>\n<h3>Potenzialanalyse<\/h3><div><p><\/p>\n<p>Im Zuge jedes Ver\u00e4nderungsprozesses ist es unser Ziel, Ihnen eine organisatorische und individuelle Analyse der Team-Mitglieder bereitzustellen.<\/p>\n<p>Die Analyse liefert einen tiefen Einblick in die Einflussfaktoren des Teams sowie in informelle Strukturen, St\u00e4rken und Schw\u00e4chen, Motivationen und Erwartungen der Teams und ihrer einzelnen Mitglieder.<\/p>\n<p>Die Analyse basiert auf unserer ausgereiften Kernmethodik, gleichzeitig wird sie aber immer vollst\u00e4ndig auf die Besonderheiten und Anforderungen der jeweiligen Situation angepasst. Wir erhalten die meisten Informationen durch die Kombination von detaillierten Interviews und Pers\u00f6nlichkeits-Frageb\u00f6gen in Verbindung mit einem 360-Grad-Feedback und Informationen aus der Marktforschung.<\/p>\n<p>Unsere Leistung beinhaltet auch Empfehlungen in Bezug auf Ma\u00dfnahmen zur Entwicklung der Unternehmensf\u00fchrung, sowohl auf individueller als auch auf organisatorischer Ebene.<\/p>\n<p>Auf diese Weise bieten wir unseren Kunden einen Leitfaden mit einer Zusammenstellung an Informationen, die erforderlich sind, um die personellen Ressourcen an die Unternehmensstrategie anzupassen.<\/p>\n<p><\/p><\/div><br \/>\n<\/div>\n","protected":false},"excerpt":{"rendered":"<p>TheXecutives stehen f\u00fcr Spitzenleistung, Qualit\u00e4t und Geschwindigkeit in Executive Search, Talent Identification und HR Consulting. Wir b\u00fcndeln unsere F\u00e4higkeiten, um die F\u00fchrungskr\u00e4fte von Heute und die Talente von Morgen zu identifizieren, zu&#46;&#46;&#46;<\/p>\n","protected":false},"author":7,"featured_media":0,"parent":0,"menu_order":0,"comment_status":"closed","ping_status":"closed","template":"template-menu.php","meta":{"footnotes":""},"class_list":["post-422","page","type-page","status-publish","hentry"],"_links":{"self":[{"href":"https:\/\/thexecutives.com\/de\/wp-json\/wp\/v2\/pages\/422","targetHints":{"allow":["GET"]}}],"collection":[{"href":"https:\/\/thexecutives.com\/de\/wp-json\/wp\/v2\/pages"}],"about":[{"href":"https:\/\/thexecutives.com\/de\/wp-json\/wp\/v2\/types\/page"}],"author":[{"embeddable":true,"href":"https:\/\/thexecutives.com\/de\/wp-json\/wp\/v2\/users\/7"}],"replies":[{"embeddable":true,"href":"https:\/\/thexecutives.com\/de\/wp-json\/wp\/v2\/comments?post=422"}],"version-history":[{"count":0,"href":"https:\/\/thexecutives.com\/de\/wp-json\/wp\/v2\/pages\/422\/revisions"}],"wp:attachment":[{"href":"https:\/\/thexecutives.com\/de\/wp-json\/wp\/v2\/media?parent=422"}],"curies":[{"name":"wp","href":"https:\/\/api.w.org\/{rel}","templated":true}]}}